{"id":11826,"date":"2026-02-11T03:09:00","date_gmt":"2026-02-11T03:09:00","guid":{"rendered":"https:\/\/neuralbeans.shop\/?post_type=product&#038;p=11826"},"modified":"2026-02-26T12:14:56","modified_gmt":"2026-02-26T12:14:56","slug":"the-monthly-sync-plan","status":"publish","type":"product","link":"https:\/\/neuralbeans.shop\/es\/producto\/the-monthly-sync-plan\/","title":{"rendered":"Plan Mensual"},"content":{"rendered":"<h3 data-path-to-node=\"3\"><b data-path-to-node=\"3\" data-index-in-node=\"0\">Alimenta tu Mejor Trabajo<\/b><\/h3>\n<p data-path-to-node=\"4\">El caf\u00e9 no deber\u00eda ser solo un h\u00e1bito; deber\u00eda ser el motor de tus mejores ideas. La mayor\u00eda del caf\u00e9 comprado en tiendas permanece en los estantes durante meses, perdiendo los aceites esenciales y sabores que te ayudan a mantenerte alerta. Neural Beans cambia eso al tratar el caf\u00e9 con el respeto que tu concentraci\u00f3n merece: reci\u00e9n tostado, de alta calidad y entregado justo cuando lo necesitas.<\/p>\n<h3 data-path-to-node=\"5\"><b data-path-to-node=\"5\" data-index-in-node=\"0\">Elige tu Experiencia<\/b><\/h3>\n<p data-path-to-node=\"6\">Adapta tu suscripci\u00f3n a tu rutina. Puedes cambiar tus preferencias en cualquier momento:<\/p>\n<ul data-path-to-node=\"7\">\n<li>\n<p data-path-to-node=\"7,0,0\"><b data-path-to-node=\"7,0,0\" data-index-in-node=\"0\">Rotaci\u00f3n mensual<\/b> Descubre los mejores sabores del mundo. Cada mes, seleccionamos un nuevo origen premium (como Brasil, Per\u00fa o Guatemala) para que tu rutina matutina sea emocionante.<\/p>\n<\/li>\n<li>\n<p data-path-to-node=\"7,1,0\"><b data-path-to-node=\"7,1,0\" data-index-in-node=\"0\">Qu\u00e9date con Colombia:<\/b> Si has encontrado tu taza ideal, no la pierdas. Cons\u00edguela en nuestro exclusivo caf\u00e9 colombiano de origen \u00fanico para un impulso confiable, rico y equilibrado cada mes.<\/p>\n<\/li>\n<\/ul>\n<h3 data-path-to-node=\"8\"><b data-path-to-node=\"8\" data-index-in-node=\"0\">Est\u00e1ndar de oro Colombiano<\/b><\/h3>\n<p data-path-to-node=\"9\">Nuestros granos colombianos est\u00e1n seleccionados para quienes aman el sabor tradicional del caf\u00e9, pero lo desean elevado a un est\u00e1ndar premium. Es un caf\u00e9 intenso y con cuerpo, la base perfecta para un d\u00eda productivo.<\/p>\n<ul data-path-to-node=\"10\">\n<li>\n<p data-path-to-node=\"10,0,0\"><b data-path-to-node=\"10,0,0\" data-index-in-node=\"0\">100% Ar\u00e1bica<\/b> S\u00f3lo granos de la m\u00e1s alta calidad, sin rellenos.<\/p>\n<\/li>\n<li>\n<p data-path-to-node=\"10,1,0\"><b data-path-to-node=\"10,1,0\" data-index-in-node=\"0\">Cultivado en altitudes m\u00e1ximas:<\/b> Procedente de 1.600 a 2.000 metros sobre el nivel del mar para un sabor m\u00e1s limpio y refinado.<\/p>\n<\/li>\n<li>\n<p data-path-to-node=\"10,2,0\"><b data-path-to-node=\"10,2,0\" data-index-in-node=\"0\">Procesado por expertos:<\/b> Estos granos se lavan completamente y se secan en patios elevados para garantizar que cada bolsa sea pura y consistente.<\/p>\n<\/li>\n<li>\n<p data-path-to-node=\"10,3,0\"><b data-path-to-node=\"10,3,0\" data-index-in-node=\"0\">El tueste perfecto:<\/b> Usamos un <b data-path-to-node=\"10,3,0\" data-index-in-node=\"28\">Medium-Dark roast<\/b> tueste Mediano-Oscuro para resaltar notas ricas y fuertes sin ning\u00fan amargor<\/p>\n<\/li>\n<\/ul>\n<h3 data-path-to-node=\"11\"><b data-path-to-node=\"11\" data-index-in-node=\"0\">La Garant\u00eda de Frescura<\/b><\/h3>\n<ol start=\"1\" data-path-to-node=\"12\">\n<li>\n<p data-path-to-node=\"12,0,0\"><b data-path-to-node=\"12,0,0\" data-index-in-node=\"0\">Selecci\u00f3n cuidadosa:<\/b> Auditamos y seleccionamos s\u00f3lo los mejores lotes de caf\u00e9 verde de las regiones m\u00e1s prestigiosas del mundo.<\/p>\n<\/li>\n<li>\n<p data-path-to-node=\"12,1,0\"><b data-path-to-node=\"12,1,0\" data-index-in-node=\"0\">Tostado en lotes peque\u00f1os:<\/b> Tostamos en Miami en peque\u00f1as cantidades para garantizar un control de calidad perfecto para cada bolsa.<\/p>\n<\/li>\n<li>\n<p data-path-to-node=\"12,2,0\"><b data-path-to-node=\"12,2,0\" data-index-in-node=\"0\">Envio Rapido:<\/b> No creemos en el almacenamiento en almacenes. Su caf\u00e9 se env\u00eda a las pocas horas de ser tostado, con la <b data-path-to-node=\"12,2,0\" data-index-in-node=\"117\">fecha de tueste<\/b> claramente marcado para que sepas exactamente qu\u00e9 tan fresco est\u00e1.<\/p>\n<\/li>\n<\/ol>","protected":false},"excerpt":{"rendered":"<p data-path-to-node=\"5\">12 onzas de caf\u00e9 100 % Ar\u00e1bica reci\u00e9n tostado y entregado en tu puerta justo cuando lo necesitas. Cada bolsa cuenta con una fecha de tueste verificada, lo que te permite disfrutar de una rotaci\u00f3n de origen mensual o conservar nuestro caf\u00e9 colombiano premium de origen \u00fanico como base permanente.<\/p>\n<p> <a class=\"more-link\" href=\"https:\/\/neuralbeans.shop\/es\/producto\/the-monthly-sync-plan\/\">Leer m\u00e1s<\/a><\/p>","protected":false},"featured_media":12032,"comment_status":"open","ping_status":"closed","template":"","meta":{"_seopress_robots_primary_cat":"","_seopress_titles_title":"","_seopress_titles_desc":"","_seopress_robots_index":""},"product_brand":[],"product_cat":[15],"product_tag":[],"class_list":{"0":"post-11826","1":"product","2":"type-product","3":"status-publish","4":"has-post-thumbnail","6":"product_cat-uncategorized","8":"first","9":"instock","10":"sold-individually","11":"taxable","12":"shipping-taxable","13":"purchasable","14":"product-type-variable"},"_links":{"self":[{"href":"https:\/\/neuralbeans.shop\/es\/wp-json\/wp\/v2\/product\/11826","targetHints":{"allow":["GET"]}}],"collection":[{"href":"https:\/\/neuralbeans.shop\/es\/wp-json\/wp\/v2\/product"}],"about":[{"href":"https:\/\/neuralbeans.shop\/es\/wp-json\/wp\/v2\/types\/product"}],"replies":[{"embeddable":true,"href":"https:\/\/neuralbeans.shop\/es\/wp-json\/wp\/v2\/comments?post=11826"}],"wp:featuredmedia":[{"embeddable":true,"href":"https:\/\/neuralbeans.shop\/es\/wp-json\/wp\/v2\/media\/12032"}],"wp:attachment":[{"href":"https:\/\/neuralbeans.shop\/es\/wp-json\/wp\/v2\/media?parent=11826"}],"wp:term":[{"taxonomy":"product_brand","embeddable":true,"href":"https:\/\/neuralbeans.shop\/es\/wp-json\/wp\/v2\/product_brand?post=11826"},{"taxonomy":"product_cat","embeddable":true,"href":"https:\/\/neuralbeans.shop\/es\/wp-json\/wp\/v2\/product_cat?post=11826"},{"taxonomy":"product_tag","embeddable":true,"href":"https:\/\/neuralbeans.shop\/es\/wp-json\/wp\/v2\/product_tag?post=11826"}],"curies":[{"name":"wp","href":"https:\/\/api.w.org\/{rel}","templated":true}]}}