{"id":11095,"date":"2018-02-04T15:43:20","date_gmt":"2018-02-04T15:43:20","guid":{"rendered":"http:\/\/rifetheme.com\/unicorn\/?page_id=11095"},"modified":"2026-02-13T02:05:59","modified_gmt":"2026-02-13T02:05:59","slug":"about-us","status":"publish","type":"page","link":"https:\/\/neuralbeans.shop\/es\/about-us\/","title":{"rendered":"Acerca de Neural Beans"},"content":{"rendered":"<div data-elementor-type=\"wp-post\" data-elementor-id=\"11095\" class=\"elementor elementor-11095\">\n\t\t\t\t\t\t<section class=\"elementor-section elementor-top-section elementor-element elementor-element-6962e2f0 elementor-section-stretched elementor-section-boxed elementor-section-height-default elementor-section-height-default\" data-id=\"6962e2f0\" data-element_type=\"section\" data-settings=\"{&quot;stretch_section&quot;:&quot;section-stretched&quot;,&quot;background_background&quot;:&quot;classic&quot;}\">\n\t\t\t\t\t\t\t<div class=\"elementor-background-overlay\"><\/div>\n\t\t\t\t\t\t\t<div class=\"elementor-container elementor-column-gap-default\">\n\t\t\t\t\t<div class=\"elementor-column elementor-col-100 elementor-top-column elementor-element elementor-element-513d0c2\" data-id=\"513d0c2\" data-element_type=\"column\">\n\t\t\t<div class=\"elementor-widget-wrap elementor-element-populated\">\n\t\t\t\t\t\t<div class=\"elementor-element elementor-element-1d050596 elementor-widget elementor-widget-heading\" data-id=\"1d050596\" data-element_type=\"widget\" data-widget_type=\"heading.default\">\n\t\t\t\t\t<h2 class=\"elementor-heading-title elementor-size-default\">C\u00f3mo naci\u00f3 Neural Beans y nuestra misi\u00f3n<\/h2>\t\t\t\t<\/div>\n\t\t\t\t<div class=\"elementor-element elementor-element-15cdacec elementor-widget elementor-widget-heading\" data-id=\"15cdacec\" data-element_type=\"widget\" data-widget_type=\"heading.default\">\n\t\t\t\t\t<h2 class=\"elementor-heading-title elementor-size-default\">Acerca de Neural Beans<\/h2>\t\t\t\t<\/div>\n\t\t\t\t<section class=\"elementor-section elementor-inner-section elementor-element elementor-element-ec2745f elementor-section-boxed elementor-section-height-default elementor-section-height-default\" data-id=\"ec2745f\" data-element_type=\"section\">\n\t\t\t\t\t\t<div class=\"elementor-container elementor-column-gap-default\">\n\t\t\t\t\t<div class=\"elementor-column elementor-col-100 elementor-inner-column elementor-element elementor-element-98069c4\" data-id=\"98069c4\" data-element_type=\"column\">\n\t\t\t<div class=\"elementor-widget-wrap elementor-element-populated\">\n\t\t\t\t\t\t<div class=\"elementor-element elementor-element-f3f442b elementor-widget__width-initial elementor-widget elementor-widget-text-editor\" data-id=\"f3f442b\" data-element_type=\"widget\" data-widget_type=\"text-editor.default\">\n\t\t\t\t\t\t\t\t\t<p><strong>Neural Beans se desarroll\u00f3 sobre dos obsesiones: precisi\u00f3n y rendimiento.<\/strong><\/p><p>Fundada en Miami por un amante del caf\u00e9 colombiano con una conexi\u00f3n de toda la vida con la artesan\u00eda, Neural Beans comenz\u00f3 como un ritual personal: tostar peque\u00f1os lotes en casa, marcar perfiles como l\u00edneas de c\u00f3digo, buscando el equilibrio perfecto de complejidad y claridad en cada taza.<\/p><p>En Colombia, el caf\u00e9 no es solo una bebida: es cultura, identidad y legado. Crecer rodeado de esa tradici\u00f3n gener\u00f3 un profundo respeto por el grano mucho antes de que tostarlo se convirtiera en un pasatiempo. Lo que empez\u00f3 como curiosidad se convirti\u00f3 en experimentaci\u00f3n. Lo que empez\u00f3 como experimentaci\u00f3n se convirti\u00f3 en maestr\u00eda. Y ahora, es una misi\u00f3n.<\/p><p>En Neural Beans, el tostado se trata como la programaci\u00f3n:<br \/>Cada variable importa.<br \/>Cada ajuste tiene un resultado.<br \/>Cada lote es intencional.<\/p><p>Nos especializamos en tuestes personalizados en lotes peque\u00f1os para preservar el car\u00e1cter, maximizar la frescura y ofrecer perfiles de sabor limpios y potentes, dise\u00f1ados para mantener su mente \u00e1gil y concentrada. Sin producci\u00f3n en masa. Sin atajos. Solo granos cuidadosamente seleccionados, un desarrollo preciso del tueste y una b\u00fasqueda incansable de la calidad<br \/>Este es un caf\u00e9 dise\u00f1ado para constructores, pensadores, codificadores, creadores: cualquiera que opere a un alto nivel y entienda que la claridad importa.<\/p><p>Neural Beans no es s\u00f3lo combustible, es combustible para la mente de alto rendimiento.<\/p>\t\t\t\t\t\t\t\t<\/div>\n\t\t\t\t\t<\/div>\n\t\t<\/div>\n\t\t\t\t\t<\/div>\n\t\t<\/section>\n\t\t\t\t\t<\/div>\n\t\t<\/div>\n\t\t\t\t\t<\/div>\n\t\t<\/section>\n\t\t\t\t<\/div>","protected":false},"excerpt":{"rendered":"<p>How neural beans was born and our mission About Us&hellip;<\/p>\n<p> <a class=\"more-link\" href=\"https:\/\/neuralbeans.shop\/es\/about-us\/\">Leer m\u00e1s<\/a><\/p>","protected":false},"author":1,"featured_media":0,"parent":0,"menu_order":0,"comment_status":"closed","ping_status":"closed","template":"","meta":{"_seopress_robots_primary_cat":"","_seopress_titles_title":"","_seopress_titles_desc":"","_seopress_robots_index":"","footnotes":""},"class_list":["post-11095","page","type-page","status-publish"],"_links":{"self":[{"href":"https:\/\/neuralbeans.shop\/es\/wp-json\/wp\/v2\/pages\/11095","targetHints":{"allow":["GET"]}}],"collection":[{"href":"https:\/\/neuralbeans.shop\/es\/wp-json\/wp\/v2\/pages"}],"about":[{"href":"https:\/\/neuralbeans.shop\/es\/wp-json\/wp\/v2\/types\/page"}],"author":[{"embeddable":true,"href":"https:\/\/neuralbeans.shop\/es\/wp-json\/wp\/v2\/users\/1"}],"replies":[{"embeddable":true,"href":"https:\/\/neuralbeans.shop\/es\/wp-json\/wp\/v2\/comments?post=11095"}],"version-history":[{"count":12,"href":"https:\/\/neuralbeans.shop\/es\/wp-json\/wp\/v2\/pages\/11095\/revisions"}],"predecessor-version":[{"id":12023,"href":"https:\/\/neuralbeans.shop\/es\/wp-json\/wp\/v2\/pages\/11095\/revisions\/12023"}],"wp:attachment":[{"href":"https:\/\/neuralbeans.shop\/es\/wp-json\/wp\/v2\/media?parent=11095"}],"curies":[{"name":"wp","href":"https:\/\/api.w.org\/{rel}","templated":true}]}}